{"id":50,"date":"2014-05-28T22:49:30","date_gmt":"2014-05-28T20:49:30","guid":{"rendered":"http:\/\/pwdevelopmen.nazwa.pl\/kochanowskiego\/?page_id=50"},"modified":"2025-12-05T15:33:24","modified_gmt":"2025-12-05T14:33:24","slug":"aktualnosci","status":"publish","type":"page","link":"https:\/\/osiedlekochanowskiego.pl\/?page_id=50","title":{"rendered":"Aktualno\u015bci"},"content":{"rendered":"<div style=\"padding: 8px; background-color: #dcdcdc; line-height: 1.4;\">05.12.2025<\/div>\n<h1><span style=\"text-decoration: underline;\">PEC: og\u0142oszenie o przerwach<\/span><\/h1>\n<p>Szanowni Pa\u0144stwo,<br \/>\nza\u0142\u0105czamy inormacj\u0119 PEC o przerwach w dostawach c.o. i c.w.u.<br \/>\n<a title=\"Wy\u0142\u0105czenia\" href=\"https:\/\/serwer2539007.home.pl\/osiedlekochanowskiego\/do_pobrania\/OgloszeniePEC.pdf\">TUTAJ.<\/a><\/p>\n<div style=\"padding: 8px; background-color: #dcdcdc; line-height: 1.4;\">14.08.2024<\/div>\n<h1><span style=\"text-decoration: underline;\">Mycie gara\u017cu<\/span><\/h1>\n<p>Szanowni Pa\u0144stwo,<br \/>\nUprzejmie informujemy, \u017ce b\u0119d\u0105 zmywane posadzki w halach gara\u017cowych:<br \/>\n&#8211; w dniu 19.08.2024r. (poniedzia\u0142ek) &#8211; Sochaczewskiego 2 i 4.<\/p>\n<p>Prosimy o wyprowadzenie aut od godziny 7.30<br \/>\ni uprz\u0105tni\u0119cie wszystkich rzeczy zalegaj\u0105cych na posadzce.<\/p>\n<p>Za wsp\u00f3\u0142prac\u0119 z g\u00f3ry dzi\u0119kujemy.<\/p>\n<div style=\"padding: 8px; background-color: #dcdcdc; line-height: 1.4;\">30.04.2024<\/div>\n<h1><span style=\"text-decoration: underline;\">Nowe dokumenty<\/span><\/h1>\n<p>W dniu dzisiejszym w Strefie Mieszka\u0144ca (sekcja &#8222;Uchwa\u0142y&#8221;) pojawi\u0142y si\u0119 nowe dokumenty. Zach\u0119camy do zapoznania si\u0119 z ich tre\u015bci\u0105. <a title=\"Pozosta\u0142e\" href=\"https:\/\/serwer2539007.home.pl\/osiedlekochanowskiego\/?page_id=99\">TUTAJ.<\/a><\/p>\n<div style=\"padding: 8px; background-color: #dcdcdc; line-height: 1.4;\">02.04.2024<\/div>\n<h1><span style=\"text-decoration: underline;\">Nowe dokumenty<\/span><\/h1>\n<p>W dniu dzisiejszym w Strefie Mieszka\u0144ca (sekcja &#8222;Pozosta\u0142e&#8221;) pojawi\u0142y si\u0119 nowe dokumenty. Zach\u0119camy do zapoznania si\u0119 z ich tre\u015bci\u0105. <a title=\"Pozosta\u0142e\" href=\"https:\/\/serwer2539007.home.pl\/osiedlekochanowskiego\/?page_id=103\">TUTAJ.<\/a><\/p>\n<div style=\"padding: 8px; background-color: #dcdcdc; line-height: 1.4;\">18.03.2024<\/div>\n<h1><span style=\"text-decoration: underline;\">Kontrola<\/span><\/h1>\n<p>W dniu 21 marca (czwartek) od godziny 12.00 odb\u0119dzie si\u0119 kontrola Pa\u0144stwowej Stra\u017cy Po\u017carnej w budynku Sochaczewskiego 2. Pe\u0142na tre\u015b\u0107 pisma <a title=\"Kontrola\" href=\"https:\/\/serwer2539007.home.pl\/osiedlekochanowskiego\/do_pobrania\/UpowaznieniePSP.pdf\">TUTAJ.<\/a><\/p>\n<div style=\"padding: 8px; background-color: #dcdcdc; line-height: 1.4;\">11.05.2023<\/div>\n<h1><span style=\"text-decoration: underline;\">Wyniki g\u0142osowania<\/span><\/h1>\n<p>Uprzejmie dzi\u0119kujemy za oddane g\u0142osy i przekazujemy wyniki g\u0142osowania nad uchwa\u0142ami 1,2\/2023 \u2013 <a title=\"Sprawozdanie\" href=\"https:\/\/serwer2539007.home.pl\/osiedlekochanowskiego\/?page_id=99\">TUTAJ.<\/a><\/p>\n<div style=\"padding: 8px; background-color: #dcdcdc; line-height: 1.4;\">24.04.2023<\/div>\n<h1><span style=\"text-decoration: underline;\">Za\u0142\u0105cznik do sprawozdania<\/span><\/h1>\n<p>Za\u0142\u0105cznik do sprawozdania za 2022r. &#8211; tabela &#8211; znajdziecie Pa\u0144stwo <a title=\"Sprawozdanie\" href=\"https:\/\/serwer2539007.home.pl\/osiedlekochanowskiego\/?page_id=99\">TUTAJ.<\/a><\/p>\n<div style=\"padding: 8px; background-color: #dcdcdc; line-height: 1.4;\">18.04.2023<\/div>\n<h1><span style=\"text-decoration: underline;\">Informacja o myciu gara\u017cy<\/span><\/h1>\n<p>Informacja o myciu gara\u017cy &#8211; <a title=\"Kontrola\" href=\"https:\/\/serwer2539007.home.pl\/osiedlekochanowskiego\/do_pobrania\/mycie_garazy.pdf\">TUTAJ.<\/a><\/p>\n<div style=\"padding: 8px; background-color: #dcdcdc; line-height: 1.4;\">12.04.2023<\/div>\n<h1><span style=\"text-decoration: underline;\">Materia\u0142y do zebrania<\/span><\/h1>\n<p>Materia\u0142y do zebrania na 19.04.2023 &#8211; <a title=\"Materia\u0142y\" href=\"https:\/\/serwer2539007.home.pl\/osiedlekochanowskiego\/?page_id=99\">TUTAJ.<\/a><\/p>\n<div style=\"padding: 8px; background-color: #dcdcdc; line-height: 1.4;\">31.03.2023<\/div>\n<h1><span style=\"text-decoration: underline;\">Zaproszenie na zebranie<\/span><\/h1>\n<p>Zaproszenie na zebranie &#8211; <a title=\"Zaproszenie\" href=\"https:\/\/serwer2539007.home.pl\/osiedlekochanowskiego\/?page_id=103\">TUTAJ.<\/a><\/p>\n<div style=\"padding: 8px; background-color: #dcdcdc; line-height: 1.4;\">16.02.2023<\/div>\n<h1><span style=\"text-decoration: underline;\">Decyzja KPPSP w Sochaczewie<\/span><\/h1>\n<p>Decyzja KPPSP w Sochaczewie w sprawie sk\u0142adowania przedmiot\u00f3w na klatkach schodowych &#8211; <a title=\"Kontrola\" href=\"https:\/\/serwer2539007.home.pl\/osiedlekochanowskiego\/do_pobrania\/decyzja_KPPSP_o_uprzatnieciu_klatek_B.pdf\">TUTAJ.<\/a><\/p>\n<div style=\"padding: 8px; background-color: #dcdcdc; line-height: 1.4;\">12.01.2023<\/div>\n<h1><span style=\"text-decoration: underline;\">Kontrola<\/span><\/h1>\n<p>W dniu 17 stycznia (wtorek) od godziny 10.00 odb\u0119dzie si\u0119 kontrola Pa\u0144stwowej Stra\u017cy Po\u017carnej w budynku Sochaczewskiego 2. Pe\u0142na tre\u015b\u0107 pisma <a title=\"Kontrola\" href=\"https:\/\/serwer2539007.home.pl\/osiedlekochanowskiego\/do_pobrania\/upowaznienie_ppoz_Sochaczewskiego.pdf\">TUTAJ.<\/a><\/p>\n<div style=\"padding: 8px; background-color: #dcdcdc; line-height: 1.4;\">18.08.2022<\/div>\n<h1><span style=\"text-decoration: underline;\">Wyniki g\u0142osowania<\/span><\/h1>\n<p><a title=\"Uchwa\u0142y\" href=\"https:\/\/serwer2539007.home.pl\/osiedlekochanowskiego\/?page_id=99\"><span style=\"font-weight: 400; color: #000000;\">Informacje o wynikach g\u0142osowania nad uchwa\u0142ami 1\/2\/3\/2022 &#8211;\u00a0<\/span><\/a><a title=\"Uchwa\u0142y\" href=\"https:\/\/serwer2539007.home.pl\/osiedlekochanowskiego\/?page_id=99\">TUTAJ<\/a><\/p>\n<div style=\"padding: 8px; background-color: #dcdcdc; line-height: 1.4;\">30.11.2021<\/div>\n<h1><span style=\"text-decoration: underline;\">Wyniki g\u0142osowania<\/span><\/h1>\n<p><span style=\"font-weight: 400; color: #000000;\">Informacje o wynikach g\u0142osowania nad uchwa\u0142ami 1\/2\/3\/2021 &#8211;\u00a0<a title=\"Uchwa\u0142y\" href=\"https:\/\/serwer2539007.home.pl\/osiedlekochanowskiego\/?page_id=99\">TUTAJ<\/a><\/span><\/p>\n<div style=\"padding: 8px; background-color: #dcdcdc; line-height: 1.4;\">10.11.2021<\/div>\n<h1><span style=\"text-decoration: underline;\">Wymiana wodomierzy<\/span><\/h1>\n<p>Informujemy, \u017ce od 12 listopada 2021 b\u0119d\u0105 wymieniane wodomierze lokalowe. W zwi\u0105zku z tym b\u0119d\u0105 kilkuminutowe wy\u0142\u0105czenia wody w lokalu podczas wymiany danego wodomierza.<\/p>\n<div style=\"padding: 8px; background-color: #dcdcdc; line-height: 1.4;\">4.11.2021<\/div>\n<h1><span style=\"text-decoration: underline;\">Infomacja o przegl\u0105dzie<\/span><\/h1>\n<p>Informujemy, \u017ce w dniu 05.11.2021r. w godz.17-18 w gara\u017cach podziemnych odb\u0119d\u0105 si\u0119 obowi\u0105zkowe przegl\u0105dy o\u015bwietlenia awaryjnego (wi\u0105\u017ce si\u0119 to z chwilowymi wy\u0142\u0105czeniami pr\u0105du tylko w gara\u017cach).<\/p>\n<div style=\"padding: 8px; background-color: #dcdcdc; line-height: 1.4;\">30.06.2020<\/div>\n<h1><span style=\"text-decoration: underline;\">Uchwa\u0142y 1,2,3\/2020<\/span><\/h1>\n<p><span style=\"font-weight: 400; color: #000000;\">Nowe uchwa\u0142y w Strefie Mieszka\u0144ca &#8211;\u00a0<a title=\"Uchwa\u0142y\" href=\"https:\/\/serwer2539007.home.pl\/osiedlekochanowskiego\/?page_id=99\">TUTAJ<\/a><\/span><\/p>\n<p>Nowe zestawienia op\u0142at z obowi\u0105zuj\u0105cymi stawkami zostan\u0105 dostarczone do skrzynek listowych do dnia 08.07.2020r.<\/p>\n<div style=\"padding: 8px; background-color: #dcdcdc; line-height: 1.4;\">17.02.2020<\/div>\n<h1><span style=\"text-decoration: underline;\">Uchwa\u0142a 4\/2019<\/span><\/h1>\n<p><span style=\"font-weight: 400; color: #000000;\">Wyniki g\u0142osowania w Strefie Mieszka\u0144ca &#8211;\u00a0<a title=\"Uchwa\u0142y\" href=\"https:\/\/serwer2539007.home.pl\/osiedlekochanowskiego\/?page_id=99\">TUTAJ<\/a><\/span><\/p>\n","protected":false},"excerpt":{"rendered":"<p>05.12.2025 PEC: og\u0142oszenie o przerwach Szanowni Pa\u0144stwo, za\u0142\u0105czamy inormacj\u0119 PEC o przerwach w dostawach c.o. i c.w.u. TUTAJ. 14.08.2024 Mycie gara\u017cu Szanowni Pa\u0144stwo, Uprzejmie informujemy, \u017ce b\u0119d\u0105 zmywane posadzki w halach gara\u017cowych: &#8211; w dniu 19.08.2024r. (poniedzia\u0142ek) &#8211; Sochaczewskiego 2 &hellip; <a href=\"https:\/\/osiedlekochanowskiego.pl\/?page_id=50\">Czytaj dalej <span class=\"meta-nav\">&rarr;<\/span><\/a><\/p>\n","protected":false},"author":1,"featured_media":0,"parent":0,"menu_order":2,"comment_status":"closed","ping_status":"closed","template":"showcase.php","meta":{"footnotes":""},"class_list":["post-50","page","type-page","status-publish","hentry"],"_links":{"self":[{"href":"https:\/\/osiedlekochanowskiego.pl\/index.php?rest_route=\/wp\/v2\/pages\/50","targetHints":{"allow":["GET"]}}],"collection":[{"href":"https:\/\/osiedlekochanowskiego.pl\/index.php?rest_route=\/wp\/v2\/pages"}],"about":[{"href":"https:\/\/osiedlekochanowskiego.pl\/index.php?rest_route=\/wp\/v2\/types\/page"}],"author":[{"embeddable":true,"href":"https:\/\/osiedlekochanowskiego.pl\/index.php?rest_route=\/wp\/v2\/users\/1"}],"replies":[{"embeddable":true,"href":"https:\/\/osiedlekochanowskiego.pl\/index.php?rest_route=%2Fwp%2Fv2%2Fcomments&post=50"}],"version-history":[{"count":209,"href":"https:\/\/osiedlekochanowskiego.pl\/index.php?rest_route=\/wp\/v2\/pages\/50\/revisions"}],"predecessor-version":[{"id":1366,"href":"https:\/\/osiedlekochanowskiego.pl\/index.php?rest_route=\/wp\/v2\/pages\/50\/revisions\/1366"}],"wp:attachment":[{"href":"https:\/\/osiedlekochanowskiego.pl\/index.php?rest_route=%2Fwp%2Fv2%2Fmedia&parent=50"}],"curies":[{"name":"wp","href":"https:\/\/api.w.org\/{rel}","templated":true}]}}