{"id":523,"date":"2014-08-21T09:30:27","date_gmt":"2014-08-21T07:30:27","guid":{"rendered":"http:\/\/pwdevelopmen.nazwa.pl\/kochanowskiego\/?page_id=523"},"modified":"2014-10-17T10:21:12","modified_gmt":"2014-10-17T08:21:12","slug":"regulamin","status":"publish","type":"page","link":"https:\/\/osiedlekochanowskiego.pl\/?page_id=523","title":{"rendered":"Regulamin Porz\u0105dku Domowego"},"content":{"rendered":"<p style=\"text-align: center;\"><span style=\"font-size: 18pt;\"><strong>REGULAMIN PORZ\u0104DKU DOMOWEGO<\/strong><\/span><\/p>\n<p style=\"text-align: center;\"><strong>\u00a7 1.\u00a0\u00a0\u00a0 <\/strong><\/p>\n<p style=\"text-align: center;\"><strong>\u00a0PRZEPISY OG\u00d3LNE<\/strong><\/p>\n<ol style=\"text-align: left;\">\n<li style=\"text-align: left;\">Postanowienia niniejszego Regulaminu maj\u0105 na celu ochron\u0119 mienia wsp\u00f3lnego<br \/>\ni w\u0142asnego wszystkich mieszka\u0144c\u00f3w tj. w\u0142a\u015bcicieli &#8211; cz\u0142onk\u00f3w wsp\u00f3lnoty mieszkaniowej<br \/>\ni u\u017cytkownik\u00f3w mieszka\u0144, utrzymanie bezpiecze\u0144stwa, higieny i estetyki budynk\u00f3w i ich otoczenia oraz zapewnienie prawid\u0142owych warunk\u00f3w i zasad wsp\u00f3\u0142\u017cycia spo\u0142ecznego.<\/li>\n<\/ol>\n<ol style=\"text-align: left;\" start=\"2\">\n<li>Do przestrzegania niniejszego regulaminu zobowi\u0105zani s\u0105 w\u0142a\u015bciciele lokali wchodz\u0105cych w sk\u0142ad nieruchomo\u015bci wsp\u00f3lnej, osoby wraz z nimi zamieszka\u0142e, najemcy, podnajemcy lub u\u017cytkownicy lokali i gara\u017cy podziemnych oraz wszelkie inne osoby przebywaj\u0105ce na terenie nieruchomo\u015bci wsp\u00f3lnej.<\/li>\n<\/ol>\n<ol style=\"text-align: left;\" start=\"3\">\n<li>W\u0142a\u015bciciel lokalu ponosi odpowiedzialno\u015b\u0107 za:<\/li>\n<\/ol>\n<ul style=\"text-align: left;\">\n<li>Zachowanie os\u00f3b, kt\u00f3rym odda\u0142 sw\u00f3j lokal do u\u017cywania \u2013 zar\u00f3wno domownik\u00f3w, jak i innych os\u00f3b korzystaj\u0105cych z jego lokalu;<\/li>\n<li>Przestrzegania regulaminu przez osoby, najemc\u00f3w, podnajemc\u00f3w jego lokalu lub innych u\u017cytkownik\u00f3w lokalu oraz zaproszonych przez nich go\u015bci;<\/li>\n<li>Powiadomienie administratora o wynaj\u0119ciu lub wydzier\u017cawieniu lokalu ze wskazaniem osoby dzier\u017cawcy lub najemcy;<\/li>\n<li>Zg\u0142oszenie administratorowi informacji dotycz\u0105cych zmiany przeznaczenia lokalu z mieszkalnego na u\u017cytkowy oraz liczby os\u00f3b zamieszkuj\u0105cych lub u\u017cytkuj\u0105cych lokal.<\/li>\n<\/ul>\n<ol style=\"text-align: left;\" start=\"4\">\n<li>W\u0142a\u015bciciel lokalu jest zobowi\u0105zany powiadomi\u0107 administratora o wszelkich istotnych zmianach dotycz\u0105cych jego lokalu, a w szczeg\u00f3lno\u015bci o zmianach w prawach w\u0142asno\u015bci, zmianach um\u00f3w najmu lub dzier\u017cawy oraz o zmianach liczby os\u00f3b zamieszka\u0142ych lub uprawnionych do korzystania z lokalu.<\/li>\n<li>Dopuszcza si\u0119 mo\u017cliwo\u015b\u0107 wykonywania zawodu w lokalu mieszkalnym przez jego u\u017cytkownika, o ile nie zagra\u017ca to bezpiecze\u0144stwu pozosta\u0142ych mieszka\u0144c\u00f3w i nie zak\u0142\u00f3ca ich spokoju.<\/li>\n<li>Wszelkie zmiany w instalacjach oraz uk\u0142adzie funkcjonalno &#8211; przestrzennym lokalu mieszkalnego wymagaj\u0105 pisemnego zg\u0142oszenia do Zarz\u0105du Nieruchomo\u015bci Wsp\u00f3lnej i mog\u0105 wymaga\u0107 uzyskania zgody organu samorz\u0105du terytorialnego, w tym ds. nadzoru budowlanego.<\/li>\n<li>Dokonywanie zmian konstrukcyjnych w obr\u0119bie zajmowanego lokalu, instalowanie urz\u0105dze\u0144 oraz umieszczania reklam na budynkach odbywa si\u0119 tylko za zgod\u0105 Zarz\u0105dcy.<\/li>\n<li>W przypadku d\u0142u\u017cszego wyjazdu, w\u0142a\u015bciciel powinien pozostawi\u0107 u Zarz\u0105dcy kontakt lub wskaza\u0107 osob\u0119 upowa\u017cnion\u0105 do udost\u0119pnienia lokalu, w przypadku wyst\u0105pienia sytuacji awaryjnej lub nag\u0142ego przypadku.<\/li>\n<\/ol>\n<p style=\"text-align: center;\"><strong>\u00a7 2.\u00a0\u00a0\u00a0 <\/strong><\/p>\n<p style=\"text-align: center;\"><strong>\u00a0OBOWI\u0104ZKI MIESZKA\u0143C\u00d3W<\/strong><\/p>\n<ol style=\"text-align: left;\">\n<li>Mieszka\u0144cy s\u0105 zobowi\u0105zani dba\u0107 o budynek i jego otoczenie oraz chroni\u0107 przed dewastacj\u0105.<\/li>\n<li>W przypadku jakiejkolwiek awarii lub nag\u0142ego przypadku, nale\u017cy zg\u0142osi\u0107 je administratorowi, a w razie potrzeby zawiadomi\u0107 r\u00f3wnie\u017c odpowiednie s\u0142u\u017cby, takie jak: stra\u017c po\u017carna, pogotowie ratunkowe, policja itp..<\/li>\n<\/ol>\n<p style=\"text-align: left;\">a)\u00a0\u00a0\u00a0\u00a0\u00a0\u00a0 W przypadku awarii wywo\u0142uj\u0105cej szkod\u0119 lub gro\u017c\u0105cej wywo\u0142aniem szkody<br \/>\nw nieruchomo\u015bci Wsp\u00f3lnoty lub w lokalach innych w\u0142a\u015bcicieli lokali, w\u0142a\u015bciciel lokalu lub pe\u0142noletnie osoby reprezentuj\u0105ce jego prawa (w tym najemca lub dzier\u017cawca) s\u0105 obowi\u0105zane do natychmiastowego udost\u0119pnienia lokalu w celu usuni\u0119cia przyczyn awarii przez osoby do tego uprawnione. Je\u017celi w\u0142a\u015bciciel lub pe\u0142noletnie osoby reprezentuj\u0105ce jego prawa s\u0105 nieobecne, albo odmawiaj\u0105 udost\u0119pnienia lokalu, administrator ma prawo wej\u015b\u0107 do lokalu w obecno\u015bci funkcjonariusza policji, a gdy wymagana jest interwencja stra\u017cy po\u017carnej, nast\u0119puje bezwarunkowe wej\u015bcie do lokalu na podstawie odr\u0119bnych przepis\u00f3w o dzia\u0142aniu Pa\u0144stwowej Stra\u017cy Po\u017carnej.<\/p>\n<p style=\"text-align: left;\">b)\u00a0\u00a0\u00a0\u00a0\u00a0 Je\u017celi wyst\u0105pi\u0142a konieczno\u015b\u0107 wej\u015bcia do lokalu pod nieobecno\u015b\u0107 w\u0142a\u015bciciela lub os\u00f3b pe\u0142noletnich reprezentuj\u0105cych jego prawa \u2013 administrator jest obowi\u0105zany zabezpieczy\u0107 lokal i znajduj\u0105ce si\u0119 w nim rzeczy, sporz\u0105dzaj\u0105c odpowiedni protok\u00f3\u0142.<\/p>\n<p style=\"text-align: left;\">c)\u00a0\u00a0\u00a0\u00a0\u00a0\u00a0 W\u0142a\u015bciciel lokalu jest obowi\u0105zany do udost\u0119pnienia lokalu s\u0142u\u017cbom technicznym i remontowym, je\u017celi jest to konieczne do przeprowadzenia przegl\u0105d\u00f3w okresowych, konserwacji lub remontu urz\u0105dze\u0144 wsp\u00f3lnych.<\/p>\n<ol style=\"text-align: left;\" start=\"3\">\n<li>Z zastrze\u017ceniem postanowie\u0144 pkt. 6 i 7, bez pisemnego zezwolenia\u00a0 zarz\u0105du wsp\u00f3lnoty nie wolno umieszcza\u0107 na terenie nieruchomo\u015bci\u00a0 \u017cadnych reklam, szyld\u00f3w czy og\u0142osze\u0144.<\/li>\n<li>Mieszka\u0144cy, kt\u00f3rzy w lokalu znajduj\u0105cym si\u0119 w nieruchomo\u015bci prowadz\u0105 dzia\u0142alno\u015b\u0107 gospodarcz\u0105, mog\u0105 umieszcza\u0107 wymagane prawem oznaczenia tej dzia\u0142alno\u015bci na zewn\u0105trz budynku, w miejscu uzgodnionym z zarz\u0105dem, kt\u00f3ry okre\u015bli dopuszczaln\u0105 form\u0119, wymiary i miejsce zainstalowania takiego oznaczenia oraz wysoko\u015b\u0107 op\u0142aty wed\u0142ug podj\u0119tej w tym celu uchwa\u0142y wsp\u00f3lnoty.<\/li>\n<li>Do umieszczania zawiadomie\u0144 i innych og\u0142osze\u0144 wsp\u00f3lnoty mieszkaniowej oraz spraw zwi\u0105zanych z zarz\u0105dem i administracj\u0105 nieruchomo\u015bci, przeznaczone s\u0105 tablice informacyjne na parterze klatek schodowych przy wej\u015bciach.<\/li>\n<li>W\u0142a\u015bciciele i u\u017cytkownicy lokali obowi\u0105zani s\u0105 przestrzega\u0107 przepis\u00f3w, w tym m.in.: warunk\u00f3w technicznych okre\u015blonych we w\u0142a\u015bciwych przepisach tj.: Ustawie z dnia 7 lipca 1994 r. Prawo budowlane (tekst jedn. Dziennik Ustaw z 1 wrze\u015bnia 2006 Nr 156 poz. 1118) oraz \u00a0Rozporz\u0105dzeniu Ministra\u00a0 Spraw Wewn\u0119trznych i Administracji z dnia 16 sierpnia 1999r. w sprawie warunk\u00f3w\u00a0 technicznych u\u017cytkowania budynk\u00f3w ( Dz. U. z 1999 r. Nr 74, poz.836 ).<\/li>\n<li>Mieszka\u0144cy s\u0105 zobowi\u0105zani do:<\/li>\n<\/ol>\n<p style=\"text-align: left;\">a)\u00a0\u00a0\u00a0\u00a0\u00a0\u00a0 dokonywania napraw na w\u0142asny koszt wszelkich szk\u00f3d w budynku lub jego otoczeniu, powsta\u0142ych z winy w\u0142a\u015bciciela lokalu, u\u017cytkownika lokalu lub os\u00f3b w nim zamieszkuj\u0105cych i go odwiedzaj\u0105cych, a przypadku nie naprawienia takiej szkody na pierwsze wezwanie, pokrycia koszt\u00f3w usuni\u0119cia szkody usuni\u0119tej \u00a0na zlecenie wsp\u00f3lnoty.<\/p>\n<p style=\"text-align: left;\">b)\u00a0\u00a0\u00a0\u00a0\u00a0 do utrzymania zamieszka\u0142ego przez siebie lokalu oraz innych u\u017cytkowanych pomieszcze\u0144\u00a0 w nale\u017cytym stanie technicznym i sanitarnym.<\/p>\n<p style=\"text-align: left;\">c)\u00a0\u00a0\u00a0\u00a0\u00a0\u00a0 przestrzegania zakazu wprowadzania do kanalizacji przedmiot\u00f3w mog\u0105cych<br \/>\nspowodowa\u0107 jej niedro\u017cno\u015b\u0107.<\/p>\n<p style=\"text-align: left;\">d)\u00a0\u00a0\u00a0\u00a0\u00a0 przestrzeganie zakazu zastawiania dr\u00f3g po\u017carowo-technicznych.<\/p>\n<p style=\"text-align: left;\">e)\u00a0\u00a0\u00a0\u00a0\u00a0\u00a0 przestrzegania zasad czysto\u015bci i porz\u0105dku w pomieszczeniach przeznaczonych do\u00a0 wsp\u00f3lnego u\u017cytku\u00a0 oraz w otoczeniu budynku.<\/p>\n<ol style=\"text-align: left;\" start=\"8\">\n<li>Rodzice s\u0105 obowi\u0105zani zwraca\u0107 uwag\u0119 na odpowiednie zachowanie si\u0119 dzieci, za szkody wyrz\u0105dzone przez dzieci wszelk\u0105 odpowiedzialno\u015b\u0107, ponosz\u0105 rodzice lub opiekunowie.<\/li>\n<li>U\u017cytkownicy lokali posiadaj\u0105cy zwierz\u0119ta zobowi\u0105zani s\u0105 do:<\/li>\n<\/ol>\n<p style=\"text-align: left;\">&#8211; zapewnienia im odpowiedniej opieki, przestrzegania przepis\u00f3w sanitarno-epidemiologicznych, wymogu wyprowadzania psa na smyczy i w kaga\u0144cu oraz sprawowania nadzoru nad nim w czasie spaceru, jak te\u017c usuwania zanieczyszcze\u0144 spowodowanych przez zwierz\u0119 w pomieszczeniach wsp\u00f3lnego u\u017cytku oraz<br \/>\nw otoczeniu budynku.<\/p>\n<p style=\"text-align: left;\">&#8211; nie wpuszczania zwierz\u0105t na plac zabaw, tereny zielone oraz nie przetrzymywania tych zwierz\u0105t na balkonach,\u00a0 zw\u0142aszcza w godzinach nocnych.<\/p>\n<ol style=\"text-align: left;\">\n<li>U\u017cytkownicy lokali i ich go\u015bcie obowi\u0105zani s\u0105 do zachowywania si\u0119 na terenie osiedla, budynk\u00f3w i lokali w spos\u00f3b nie zak\u0142\u00f3caj\u0105cy spokoju innym mieszka\u0144com.<\/li>\n<li>Ze wzgl\u0119du na bezpiecze\u0144stwo pozosta\u0142ych mieszka\u0144c\u00f3w posiadacze zwierz\u0105t obowi\u0105zani s\u0105 bezwzgl\u0119dnie przestrzega\u0107 przepis\u00f3w dotycz\u0105cych zasad post\u0119powania w przypadku wyst\u0105pienia choroby zaka\u017anej u zwierz\u0119cia, a w ka\u017cdym przypadku podejrzenia choroby zaka\u017anej lub jej wyst\u0105pienia nale\u017cy niezw\u0142ocznie zawiadomi\u0107 w\u0142a\u015bciwego\u00a0 Pa\u0144stwowego Powiatowego Inspektora Sanitarnego oraz Zarz\u0105dc\u0119.<\/li>\n<li>Wprowadza si\u0119 zakaz u\u017cywania pi\u0142 tarczowych, szlifierek i innych urz\u0105dze\u0144 na klatkach schodowych, balkonach i pozosta\u0142ych cz\u0119\u015bciach wsp\u00f3lnych.<\/li>\n<li>Ka\u017cdy u\u017cytkownik lokalu wykonuj\u0105cy remont w swoim lokalu zobowi\u0105zany jest do bie\u017c\u0105cego sprz\u0105tania gruzu i zanieczyszcze\u0144 z klatki schodowej i sk\u0142adowania ich w odpowiednich workach w celu wyniesienia do zbiorczego kontenera na gruz ustawionego w miejscu uzgodnionym z Administratorem. \u00a0\u00a0Czas wykonywania rob\u00f3t uci\u0105\u017cliwych w tym kucie, wiercenie &#8211; ogranicza si\u0119 w godzinach od 8<sup>00<\/sup> do 20<sup>00<\/sup>.<\/li>\n<\/ol>\n<p style=\"text-align: center;\"><strong>\u00a7 3.<\/strong><\/p>\n<p style=\"text-align: center;\"><strong>PRZEPISY PORZ\u0104DKOWE\u00a0\u00a0\u00a0 <\/strong><\/p>\n<ol style=\"text-align: left;\">\n<li>Wszyscy mieszka\u0144cy opr\u00f3cz dba\u0142o\u015bci o posesj\u0119, zobowi\u0105zani s\u0105 do niezak\u0142\u00f3cania spokoju innych mieszka\u0144c\u00f3w.<\/li>\n<li>Cisza nocna obowi\u0105zuje w godzinach od 22<sup>00<\/sup> do 6<sup>00<\/sup>, w tych godzinach nie nale\u017cy powodowa\u0107 ha\u0142asu i nie nale\u017cy u\u017cywa\u0107 urz\u0105dze\u0144 mog\u0105cych zak\u0142\u00f3ci\u0107 cisz\u0119, spok\u00f3j i sen u\u017cytkownik\u00f3w innych lokali.<\/li>\n<li>Trzymane w lokalu zwierz\u0119ta nie mog\u0105 powodowa\u0107 zagro\u017cenia \u017cycia, ani zdrowia ludzi oraz nie mog\u0105 zak\u0142\u00f3ca\u0107 spokoju.<\/li>\n<li>Balkony i tarasy powinny by\u0107 utrzymane w czysto\u015bci, a skrzynki na kwiaty i donice umieszczane na balkonach winny by\u0107 umocowane w spos\u00f3b gwarantuj\u0105cy bezpiecze\u0144stwo,<br \/>\na podlewanie kwiat\u00f3w winno odbywa\u0107 si\u0119 tak, aby woda nie przecieka\u0142a na kondygnacje ni\u017csze.<\/li>\n<li>W cz\u0119\u015bciach wsp\u00f3lnych og\u00f3lnodost\u0119pnych, nie wolno przechowywa\u0107 prywatnych cz\u0119\u015bci nieruchomych i ruchomych, oraz w lokalach:materia\u0142\u00f3w \u0142atwopalnych, \u017cr\u0105cych i cuchn\u0105cych \u015brodk\u00f3w chemicznych, materia\u0142\u00f3w wybuchowych\u00a0 oraz gazu w butlach.<\/li>\n<li>Pomieszczenia wsp\u00f3lne nale\u017cy utrzymywa\u0107 w czysto\u015bci i porz\u0105dku, a korzystaj\u0105c z nich, nale\u017cy przestrzega\u0107 przepis\u00f3w przeciwpo\u017carowych.<\/li>\n<li>Niedozwolone jest prowadzenie dzia\u0142alno\u015bci us\u0142ugowej lub produkcyjnej w hali gara\u017cowej.<\/li>\n<li>Ci\u0105g\u00f3w komunikacyjnych i dr\u00f3g po\u017carowych nie wolno zastawia\u0107 \u017cadnymi przedmiotami, a je\u015bli taki fakt mia\u0142by miejsce, przedmioty te nale\u017cy usun\u0105\u0107 na wezwanie administratora lub przedstawiciela zarz\u0105du wsp\u00f3lnoty. Niezastosowanie si\u0119 do wezwania mo\u017ce spowodowa\u0107 usuni\u0119cie przez administratora tych przedmiot\u00f3w na koszt osoby, kt\u00f3ra zastawi\u0142a nimi ci\u0105g komunikacyjny lub drog\u0119 po\u017carow\u0105.<\/li>\n<li>Parkowanie pojazd\u00f3w jest dozwolone tylko w miejscach do tego wyznaczonych<br \/>\ni odpowiednio oznakowanych. Ustawianie pojazd\u00f3w na terenie nieruchomo\u015bci niezgodnie<br \/>\nz przepisami, na ci\u0105gach dla pieszych albo w spos\u00f3b mog\u0105cy utrudni\u0107 poruszanie si\u0119 pojazdom specjalnym, jest zabronione i mo\u017ce spowodowa\u0107 dzia\u0142ania policji, a nawet odholowanie pojazdu na koszt w\u0142a\u015bciciela lub posiadacza pojazdu na parking policyjny.<\/li>\n<li>Zaleca si\u0119 szczeg\u00f3ln\u0105 ostro\u017cno\u015b\u0107 przy wje\u017adzie i wyje\u017adzie z hali gara\u017cowej. Zwraca si\u0119 uwag\u0119 na ograniczenie szybko\u015bci jazdy samochod\u00f3w w strefie zamieszkania, a zw\u0142aszcza w gara\u017cu podziemnym. Wszelkie uszkodzenia spowodowane przez kieruj\u0105cego pojazdem na terenie osiedla, obci\u0105\u017caj\u0105 w\u0142a\u015bciciela lokalu\/pojazdu, kt\u00f3ry szkod\u0119 spowodowa\u0142, przy czym zastosowanie maj\u0105 przepisy \u00a71. ust.3.<\/li>\n<li>\u015amieci i odpady nale\u017cy segregowa\u0107, wynosi\u0107 i wyrzuca\u0107 do pojemnik\u00f3w og\u00f3lnych umieszczonych \u00a0w altankach \u015bmietnikowych oraz do pojemnik\u00f3w na odpady segregowane.<\/li>\n<li>Usuwanie gruzu po pracach w lokalu odbywa si\u0119 na koszt w\u0142a\u015bciciela tego lokalu<br \/>\ni w spos\u00f3b uzgodniony z zarz\u0105dem.<\/li>\n<li>Na \u017c\u0105danie zarz\u0105du,\u00a0 w\u0142a\u015bciciel lokalu jest obowi\u0105zany zezwala\u0107 na wst\u0119p do lokalu, ilekro\u0107 jest to niezb\u0119dne do przeprowadzenia okresowych przegl\u0105d\u00f3w, konserwacji, remontu albo usuni\u0119cia awarii w nieruchomo\u015bci wsp\u00f3lnej, a tak\u017ce w celu wyposa\u017cenia budynku, jego cz\u0119\u015bci lub innych lokali w dodatkowe instalacje.<\/li>\n<li>Trzepanie dywan\u00f3w dozwolone jest jedynie w miejscach do tego przeznaczonych<br \/>\ni wy\u0142\u0105cznie w godzinach od 7<sup>00<\/sup> do 20<sup>00<\/sup>.<\/li>\n<li>Miejsca postojowe z zamontowanymi blokadami na parkingach zewn\u0119trznych s\u0105 przeznaczone tylko dla os\u00f3b posiadaj\u0105cych prawo do wy\u0142\u0105cznego korzystania z danego miejsca.<\/li>\n<\/ol>\n<p style=\"text-align: center;\"><strong>\u00a7\u00a0 4.<\/strong><\/p>\n<p style=\"text-align: center;\"><strong>ZABRANIA SI\u0118:<\/strong><\/p>\n<ol style=\"text-align: left;\">\n<li>Blokowania podjazd\u00f3w, wjazd\u00f3w, bram, drzwi wej\u015bciowych do klatek schodowych, korytarzy, piwnic, strych\u00f3w i budynk\u00f3w gospodarczych.<\/li>\n<li>Wylewania i wyrzucania przez okna nieczysto\u015bci i niedopa\u0142k\u00f3w oraz wyk\u0142adania po\u017cywienia dla ptak\u00f3w i zwierz\u0105t (szczeg\u00f3lnie w altankach \u015bmietnikowych).<\/li>\n<li>Trzepania chodnik\u00f3w, po\u015bcieli, itp. przez balustrad\u0119 balkonu, na klatkach schodowych, przez okna i w innych cz\u0119\u015bciach wsp\u00f3lnych.<\/li>\n<li>Suszenia ociekaj\u0105cej bielizny, po\u015bcieli itp. zewn\u0105trz budynku i og\u00f3lnie dost\u0119pnych powierzchniach.<\/li>\n<li>Zanieczyszczania cz\u0119\u015bci wsp\u00f3lnych budynku i teren\u00f3w zewn\u0119trznych oraz wszelkich czynno\u015bci prowadz\u0105cych do uszkodzenia lub zniszczenia cz\u0119\u015bci wsp\u00f3lnych, urz\u0105dze\u0144, wyposa\u017cenia i zieleni.<\/li>\n<li>Malowania \u015bcian wewn\u0119trznych i zewn\u0119trznych, stanowi\u0105cych cz\u0119\u015bci wsp\u00f3lne budynku oraz wieszania i przybijania tablic lub innych przedmiot\u00f3w bez zezwolenia zarz\u0105du lub administratora.<\/li>\n<li>Przechowywania w mieszkaniach, gara\u017cach lub innych pomieszczeniach materia\u0142\u00f3w<br \/>\ni urz\u0105dze\u0144 zagra\u017caj\u0105cych bezpiecze\u0144stwu b\u0105d\u017a uci\u0105\u017cliwych dla mieszka\u0144c\u00f3w.<\/li>\n<li>Niezgodnego z przeznaczeniem korzystania z balkon\u00f3w, pomieszcze\u0144 i urz\u0105dze\u0144 technicznych w budynku.<\/li>\n<li>Spo\u017cywania alkoholu na klatkach schodowych, w windach, korytarzach piwnicznych, piwnicach, gara\u017cach, na terenach zielonych oraz placu zabaw.<\/li>\n<li>Palenia papieros\u00f3w na klatkach schodowych, w windach, korytarzach piwnicznych, piwnicach, gara\u017cach.<\/li>\n<li>Samowolnego instalowania w gara\u017cach urz\u0105dze\u0144 elektrycznych &#8211; w szczeg\u00f3lno\u015bci \u0142adowania akumulator\u00f3w samochodowych.<\/li>\n<li>Manipulowania przy tablicach rozdzielczych, regulatorach i zaworach CO, instalacji\u00a0 elektrycznej, wodomierzach itp. znajduj\u0105cych si\u0119 w cz\u0119\u015bciach wsp\u00f3lnych budynku.<\/li>\n<li>Bezpodstawnego przebywania os\u00f3b w gara\u017cach.<\/li>\n<li>Trwa\u0142ego parkowania na terenie nieruchomo\u015bci samochod\u00f3w ci\u0119\u017carowych, dostawczych lub pojazd\u00f3w specjalnych.<\/li>\n<li>Niszczenia zieleni, \u0142amania drzew i krzew\u00f3w, ob\u0142amywania ga\u0142\u0119zi, przechodzenie przez trawniki celem skr\u00f3cenia drogi i wydeptywania na nich \u015bcie\u017cek.<\/li>\n<li>Prowadzenia hodowli zwierz\u0105t i ptactwa w lokalach mieszkalnych, pomieszczeniach wsp\u00f3lnego u\u017cytku i powierzchniach og\u00f3lnodost\u0119pnych.<\/li>\n<li>Prowadzenia w budynku i w jego otoczeniu dzia\u0142alno\u015bci gospodarczej i us\u0142ugowej.<\/li>\n<li>Parkowania pojazd\u00f3w poza miejscami wyznaczonymi.<\/li>\n<li>Otwierania w\u0142az\u00f3w dachowych i wychodzenie na dach.<\/li>\n<li>Zas\u0142aniania kratek wentylacyjnych.<\/li>\n<li>Montowania suszarek na bielizn\u0119 do elewacji, za oknami budynku.<\/li>\n<li>Zak\u0142adania, instalowania i umieszczania reklam na cz\u0119\u015bci wsp\u00f3lnej budynku, w tym przede wszystkim na powierzchni \u015bcian klatek schodowych, korytarzy, drzwi, powierzchni okien \u00a0\u00a0\u00a0\u00a0\u00a0\u00a0\u00a0\u00a0\u00a0\u00a0\u00a0\u00a0\u00a0\u00a0\u00a0\u00a0\u00a0\u00a0\u00a0\u00a0i elewacji.<\/li>\n<li>Istnieje mo\u017cliwo\u015b\u0107 umieszczenia reklamy na niekt\u00f3rych cz\u0119\u015bciach wsp\u00f3lnych budynku po uprzednim uzgodnieniu tego zamierzenia z Zarz\u0105dc\u0105 i wnoszenia stosownych op\u0142at na rzecz Wsp\u00f3lnoty Mieszkaniowej, a wynikaj\u0105cych z korzystania z powierzchni wsp\u00f3lnej.<\/li>\n<\/ol>\n<p style=\"text-align: center;\"><strong>\u00a7 5.<\/strong><\/p>\n<p style=\"text-align: center;\"><strong>POSTANOWIENIA KO\u0143COWE<\/strong><\/p>\n<ol style=\"text-align: left;\">\n<li>Z tre\u015bci\u0105 niniejszego Regulaminu winien zapozna\u0107 si\u0119 ka\u017cdy w\u0142a\u015bciciel lub u\u017cytkownik lokalu.<\/li>\n<li>Uwagi, skargi i wnioski w\u0142a\u015bcicieli lokali, u\u017cytkownik\u00f3w oraz innych mieszka\u0144c\u00f3w powinny by\u0107 zg\u0142aszane do Zarz\u0105dcy.<\/li>\n<li>W przypadku uporczywego i z\u0142o\u015bliwego naruszania regulaminu przez u\u017cytkownika, w\u0142a\u015bciciela lokalu lub osob\u0119 reprezentuj\u0105c\u0105 jego prawa \u2013 zarz\u0105d wsp\u00f3lnoty, po wyczerpaniu trybu upominawczego, jest uprawniony do kierowania spraw do s\u0105du grodzkiego.<\/li>\n<li>Regulamin Porz\u0105dku Domowego wchodzi w \u017cycie z dniem \u2026\u20262014r, po podj\u0119ciu stosownej Uchwa\u0142y obiegiem przez Wsp\u00f3lnot\u0119 Mieszkaniow\u0105.<\/li>\n<\/ol>\n<p style=\"text-align: left;\">Zarz\u0105d wsp\u00f3lnoty i administrator zwracaj\u0105 si\u0119 do wszystkich mieszka\u0144c\u00f3w<br \/>\no przestrzeganie niniejszego regulaminu.<\/p>\n","protected":false},"excerpt":{"rendered":"<p>REGULAMIN PORZ\u0104DKU DOMOWEGO \u00a7 1.\u00a0\u00a0\u00a0 \u00a0PRZEPISY OG\u00d3LNE Postanowienia niniejszego Regulaminu maj\u0105 na celu ochron\u0119 mienia wsp\u00f3lnego i w\u0142asnego wszystkich mieszka\u0144c\u00f3w tj. w\u0142a\u015bcicieli &#8211; cz\u0142onk\u00f3w wsp\u00f3lnoty mieszkaniowej i u\u017cytkownik\u00f3w mieszka\u0144, utrzymanie bezpiecze\u0144stwa, higieny i estetyki budynk\u00f3w i ich otoczenia oraz zapewnienie &hellip; <a href=\"https:\/\/osiedlekochanowskiego.pl\/?page_id=523\">Czytaj dalej <span class=\"meta-nav\">&rarr;<\/span><\/a><\/p>\n","protected":false},"author":1,"featured_media":0,"parent":18,"menu_order":0,"comment_status":"closed","ping_status":"closed","template":"showcase.php","meta":{"footnotes":""},"class_list":["post-523","page","type-page","status-publish","hentry"],"_links":{"self":[{"href":"https:\/\/osiedlekochanowskiego.pl\/index.php?rest_route=\/wp\/v2\/pages\/523","targetHints":{"allow":["GET"]}}],"collection":[{"href":"https:\/\/osiedlekochanowskiego.pl\/index.php?rest_route=\/wp\/v2\/pages"}],"about":[{"href":"https:\/\/osiedlekochanowskiego.pl\/index.php?rest_route=\/wp\/v2\/types\/page"}],"author":[{"embeddable":true,"href":"https:\/\/osiedlekochanowskiego.pl\/index.php?rest_route=\/wp\/v2\/users\/1"}],"replies":[{"embeddable":true,"href":"https:\/\/osiedlekochanowskiego.pl\/index.php?rest_route=%2Fwp%2Fv2%2Fcomments&post=523"}],"version-history":[{"count":11,"href":"https:\/\/osiedlekochanowskiego.pl\/index.php?rest_route=\/wp\/v2\/pages\/523\/revisions"}],"predecessor-version":[{"id":797,"href":"https:\/\/osiedlekochanowskiego.pl\/index.php?rest_route=\/wp\/v2\/pages\/523\/revisions\/797"}],"up":[{"embeddable":true,"href":"https:\/\/osiedlekochanowskiego.pl\/index.php?rest_route=\/wp\/v2\/pages\/18"}],"wp:attachment":[{"href":"https:\/\/osiedlekochanowskiego.pl\/index.php?rest_route=%2Fwp%2Fv2%2Fmedia&parent=523"}],"curies":[{"name":"wp","href":"https:\/\/api.w.org\/{rel}","templated":true}]}}