{"id":79,"date":"2014-05-28T23:11:14","date_gmt":"2014-05-28T21:11:14","guid":{"rendered":"http:\/\/pwdevelopmen.nazwa.pl\/kochanowskiego\/?page_id=79"},"modified":"2025-11-21T19:15:37","modified_gmt":"2025-11-21T18:15:37","slug":"informacje-ogolne-2","status":"publish","type":"page","link":"https:\/\/osiedlekochanowskiego.pl\/?page_id=79","title":{"rendered":"O nas"},"content":{"rendered":"<p>Wsp\u00f3lnota Mieszkaniowa \u201eOsiedle Kochanowskiego\u201d powsta\u0142a na pocz\u0105tku 2013r..<\/p>\n<p>Adresy budynk\u00f3w: ul. Sochaczewskiego 2 i ul. Sochaczewskiego 4 w Sochaczewie.<\/p>\n<p>Osiedle by\u0142o realizowane w latach 2010\u00ad\u00ad-2012\u00a0 i w grudniu 2012r. uzyska\u0142o decyzj\u0119 zezwalaj\u0105c\u0105 na u\u017cytkowanie.<\/p>\n<p>&nbsp;<\/p>\n<p><strong>\u00a0<\/strong><span style=\"text-decoration: underline;\">Dane w liczbach:<\/span><\/p>\n<p>&#8211; 2 budynki wielorodzinne pi\u0119ciopi\u0119trowe<\/p>\n<p>&#8211; 1,1725 ha obszar Osiedla Kochanowskiego<\/p>\n<p>&#8211; 0,3374 ha powierzchnia zabudowy budynk\u00f3w<\/p>\n<p>&#8211; 12 klatek wyposa\u017conych w windy<\/p>\n<p>&#8211; 171 lokali mieszkalnych<\/p>\n<p>&#8211; 13 lokali przeznaczonych na us\u0142ugi<\/p>\n<p>&#8211; 109 miejsc postojowych w gara\u017cach podziemnych<\/p>\n<p>&#8211; 90 miejsc postojowych na parkingach, w tym 9 dla os\u00f3b niepe\u0142nosprawnych<\/p>\n<p>&nbsp;<\/p>\n<p>Lokalizacja Osiedla w centrum Sochaczewa u zbiegu ulic: Polnej, Sochaczewskiego i Kochanowskiego, zapewnia mieszka\u0144com komfortow\u0105 komunikacj\u0119 pobliskich przedszkoli, szko\u0142y podstawowej, gimnazjum, przychodni, poradni zdrowia, sklep\u00f3w, punkt\u00f3w us\u0142ugowych, placu zabaw, krytego basenu, skate parku i komunikacji miejskiej.<\/p>\n<p><span style=\"text-decoration: underline;\">Zarz\u0105d i Administracja:<\/span> firma PW-Development Sp. z o.o., osoba do kontaktu &#8211; El\u017cbieta Tempczyk tel.664-988-388<\/p>\n<p><span style=\"text-decoration: underline;\">Ksi\u0119gowo\u015b\u0107:<\/span> Aleksander\u00a0A\/Gadir &#8211; licencjonowana ksi\u0119gowa &#8211; firma \u201eWsp\u00f3lnota\u201d z Sochaczewa.<\/p>\n<p>&nbsp;<\/p>\n<p><strong>\u00a0<\/strong><span style=\"text-decoration: underline;\">Konserwacja i serwis systematyczny urz\u0105dze\u0144 w budynkach:<\/span><\/p>\n<p>&#8211; windy: wykonawca Schindler Polska Sp. z o.o. Warszawa<\/p>\n<p>&#8211; bramy gara\u017cowe: wykonawca Raw-Bud Rafa\u0142 Grzelec Zielonka<\/p>\n<p>&#8211; instalacja wentylacji mechanicznej w gara\u017cach: wykonawca Flakt-Bovent Sp. z o.o. O\u017car\u00f3w Mazowiecki<\/p>\n<p>&#8211; instalacja Systemu Alarmu Po\u017caru: NC Control Tomasz Piwowarski Teresin<\/p>\n<p>&#8211; instalacja elektryczna, o\u015bwietlenie: ES Instalacje Elektryczne Jacek Szymaniak Teresin<\/p>\n<p>&#8211; separatory i studnie-przepompownie: Ugos Serwis Sp. z o.o. Warszawa<\/p>\n<p>&nbsp;<\/p>\n","protected":false},"excerpt":{"rendered":"<p>Wsp\u00f3lnota Mieszkaniowa \u201eOsiedle Kochanowskiego\u201d powsta\u0142a na pocz\u0105tku 2013r.. Adresy budynk\u00f3w: ul. Sochaczewskiego 2 i ul. Sochaczewskiego 4 w Sochaczewie. Osiedle by\u0142o realizowane w latach 2010\u00ad\u00ad-2012\u00a0 i w grudniu 2012r. uzyska\u0142o decyzj\u0119 zezwalaj\u0105c\u0105 na u\u017cytkowanie. &nbsp; \u00a0Dane w liczbach: &#8211; 2 &hellip; <a href=\"https:\/\/osiedlekochanowskiego.pl\/?page_id=79\">Czytaj dalej <span class=\"meta-nav\">&rarr;<\/span><\/a><\/p>\n","protected":false},"author":1,"featured_media":0,"parent":18,"menu_order":0,"comment_status":"closed","ping_status":"closed","template":"showcase.php","meta":{"footnotes":""},"class_list":["post-79","page","type-page","status-publish","hentry"],"_links":{"self":[{"href":"https:\/\/osiedlekochanowskiego.pl\/index.php?rest_route=\/wp\/v2\/pages\/79","targetHints":{"allow":["GET"]}}],"collection":[{"href":"https:\/\/osiedlekochanowskiego.pl\/index.php?rest_route=\/wp\/v2\/pages"}],"about":[{"href":"https:\/\/osiedlekochanowskiego.pl\/index.php?rest_route=\/wp\/v2\/types\/page"}],"author":[{"embeddable":true,"href":"https:\/\/osiedlekochanowskiego.pl\/index.php?rest_route=\/wp\/v2\/users\/1"}],"replies":[{"embeddable":true,"href":"https:\/\/osiedlekochanowskiego.pl\/index.php?rest_route=%2Fwp%2Fv2%2Fcomments&post=79"}],"version-history":[{"count":9,"href":"https:\/\/osiedlekochanowskiego.pl\/index.php?rest_route=\/wp\/v2\/pages\/79\/revisions"}],"predecessor-version":[{"id":1343,"href":"https:\/\/osiedlekochanowskiego.pl\/index.php?rest_route=\/wp\/v2\/pages\/79\/revisions\/1343"}],"up":[{"embeddable":true,"href":"https:\/\/osiedlekochanowskiego.pl\/index.php?rest_route=\/wp\/v2\/pages\/18"}],"wp:attachment":[{"href":"https:\/\/osiedlekochanowskiego.pl\/index.php?rest_route=%2Fwp%2Fv2%2Fmedia&parent=79"}],"curies":[{"name":"wp","href":"https:\/\/api.w.org\/{rel}","templated":true}]}}