{"id":81,"date":"2014-05-28T23:11:33","date_gmt":"2014-05-28T21:11:33","guid":{"rendered":"http:\/\/pwdevelopmen.nazwa.pl\/kochanowskiego\/?page_id=81"},"modified":"2014-08-21T14:07:15","modified_gmt":"2014-08-21T12:07:15","slug":"zarzad-i-administracja","status":"publish","type":"page","link":"https:\/\/osiedlekochanowskiego.pl\/?page_id=81","title":{"rendered":"Zarz\u0105d i Administracja"},"content":{"rendered":"<p><span style=\"color: #000000;\">Zarz\u0105d i administrowanie nieruchomo\u015bci\u0105 wsp\u00f3ln\u0105 zosta\u0142o powierzone Sp\u00f3\u0142ce PW-<\/span>Development.<\/p>\n<p><strong>Kontakt:<\/strong><\/p>\n<p>PW-Development\u00a0 Sp. z o.o.<br \/>\nul. Chopina 117A<br \/>\n96-500 Sochaczew<br \/>\ntel. 46-862-41-64<\/p>\n<p>REGON: 146537630<br \/>\nNIP: 837-181-41-55<\/p>\n","protected":false},"excerpt":{"rendered":"<p>Zarz\u0105d i administrowanie nieruchomo\u015bci\u0105 wsp\u00f3ln\u0105 zosta\u0142o powierzone Sp\u00f3\u0142ce PW-Development. Kontakt: PW-Development\u00a0 Sp. z o.o. ul. Chopina 117A 96-500 Sochaczew tel. 46-862-41-64 REGON: 146537630 NIP: 837-181-41-55<\/p>\n","protected":false},"author":1,"featured_media":0,"parent":18,"menu_order":0,"comment_status":"closed","ping_status":"closed","template":"showcase.php","meta":{"footnotes":""},"class_list":["post-81","page","type-page","status-publish","hentry"],"_links":{"self":[{"href":"https:\/\/osiedlekochanowskiego.pl\/index.php?rest_route=\/wp\/v2\/pages\/81","targetHints":{"allow":["GET"]}}],"collection":[{"href":"https:\/\/osiedlekochanowskiego.pl\/index.php?rest_route=\/wp\/v2\/pages"}],"about":[{"href":"https:\/\/osiedlekochanowskiego.pl\/index.php?rest_route=\/wp\/v2\/types\/page"}],"author":[{"embeddable":true,"href":"https:\/\/osiedlekochanowskiego.pl\/index.php?rest_route=\/wp\/v2\/users\/1"}],"replies":[{"embeddable":true,"href":"https:\/\/osiedlekochanowskiego.pl\/index.php?rest_route=%2Fwp%2Fv2%2Fcomments&post=81"}],"version-history":[{"count":9,"href":"https:\/\/osiedlekochanowskiego.pl\/index.php?rest_route=\/wp\/v2\/pages\/81\/revisions"}],"predecessor-version":[{"id":543,"href":"https:\/\/osiedlekochanowskiego.pl\/index.php?rest_route=\/wp\/v2\/pages\/81\/revisions\/543"}],"up":[{"embeddable":true,"href":"https:\/\/osiedlekochanowskiego.pl\/index.php?rest_route=\/wp\/v2\/pages\/18"}],"wp:attachment":[{"href":"https:\/\/osiedlekochanowskiego.pl\/index.php?rest_route=%2Fwp%2Fv2%2Fmedia&parent=81"}],"curies":[{"name":"wp","href":"https:\/\/api.w.org\/{rel}","templated":true}]}}