{"id":83,"date":"2014-05-28T23:11:50","date_gmt":"2014-05-28T21:11:50","guid":{"rendered":"http:\/\/pwdevelopmen.nazwa.pl\/kochanowskiego\/?page_id=83"},"modified":"2024-04-02T16:07:00","modified_gmt":"2024-04-02T14:07:00","slug":"media","status":"publish","type":"page","link":"https:\/\/osiedlekochanowskiego.pl\/?page_id=83","title":{"rendered":"Media"},"content":{"rendered":"<p><strong><span style=\"color: #000000;\">Media w budynkach i dostawcy:<\/span><\/strong><\/p>\n<p><span style=\"color: #000000;\">&#8211; zaopatrzenie w wod\u0119 i odprowadzanie \u015bciek\u00f3w: ZWiK Sochaczew ul. Rozlaz\u0142owska 7\u00a0 <a title=\"ZWiK Sochaczew\" href=\"http:\/\/zwik.sochaczew.pl\" target=\"_blank\" rel=\"noopener\">[link do strony ZWiK]<\/a><\/span><\/p>\n<p><span style=\"color: #000000;\">&#8211; ciep\u0142o na potrzeby centralnego ogrzewania i podgrzewania wody: PEC Sochaczew Al. 600-lecia 90\u00a0 <a title=\"PEC Sochaczew\" href=\"http:\/\/pec.sochaczew.pl\" target=\"_blank\" rel=\"noopener\">[link do strony PEC]<\/a><\/span><\/p>\n<p><span style=\"color: #000000;\">&#8211; energia elektryczna do cz\u0119\u015bci wsp\u00f3lnych: PGE Obr\u00f3t SA\u00a0 <a title=\"PGE\" href=\"http:\/\/www.pge-obrot.pl\" target=\"_blank\" rel=\"noopener\">[link do strony PGE oddzia\u0142 w \u0141odzi]<\/a><\/span><\/p>\n<p><span style=\"color: #000000;\">&#8211; \u0142\u0105czno\u015b\u0107 telefoniczna w windach z Centrum Alarmowym Schindler: Interkam S.C. Sochaczew <a title=\"Interkam\" href=\"http:\/\/www.interkam.pl\" target=\"_blank\" rel=\"noopener\">[link do strony Interkam]<\/a><\/span><\/p>\n","protected":false},"excerpt":{"rendered":"<p>Media w budynkach i dostawcy: &#8211; zaopatrzenie w wod\u0119 i odprowadzanie \u015bciek\u00f3w: ZWiK Sochaczew ul. Rozlaz\u0142owska 7\u00a0 [link do strony ZWiK] &#8211; ciep\u0142o na potrzeby centralnego ogrzewania i podgrzewania wody: PEC Sochaczew Al. 600-lecia 90\u00a0 [link do strony PEC] &#8211; &hellip; <a href=\"https:\/\/osiedlekochanowskiego.pl\/?page_id=83\">Czytaj dalej <span class=\"meta-nav\">&rarr;<\/span><\/a><\/p>\n","protected":false},"author":1,"featured_media":0,"parent":18,"menu_order":0,"comment_status":"closed","ping_status":"closed","template":"showcase.php","meta":{"footnotes":""},"class_list":["post-83","page","type-page","status-publish","hentry"],"_links":{"self":[{"href":"https:\/\/osiedlekochanowskiego.pl\/index.php?rest_route=\/wp\/v2\/pages\/83","targetHints":{"allow":["GET"]}}],"collection":[{"href":"https:\/\/osiedlekochanowskiego.pl\/index.php?rest_route=\/wp\/v2\/pages"}],"about":[{"href":"https:\/\/osiedlekochanowskiego.pl\/index.php?rest_route=\/wp\/v2\/types\/page"}],"author":[{"embeddable":true,"href":"https:\/\/osiedlekochanowskiego.pl\/index.php?rest_route=\/wp\/v2\/users\/1"}],"replies":[{"embeddable":true,"href":"https:\/\/osiedlekochanowskiego.pl\/index.php?rest_route=%2Fwp%2Fv2%2Fcomments&post=83"}],"version-history":[{"count":6,"href":"https:\/\/osiedlekochanowskiego.pl\/index.php?rest_route=\/wp\/v2\/pages\/83\/revisions"}],"predecessor-version":[{"id":1303,"href":"https:\/\/osiedlekochanowskiego.pl\/index.php?rest_route=\/wp\/v2\/pages\/83\/revisions\/1303"}],"up":[{"embeddable":true,"href":"https:\/\/osiedlekochanowskiego.pl\/index.php?rest_route=\/wp\/v2\/pages\/18"}],"wp:attachment":[{"href":"https:\/\/osiedlekochanowskiego.pl\/index.php?rest_route=%2Fwp%2Fv2%2Fmedia&parent=83"}],"curies":[{"name":"wp","href":"https:\/\/api.w.org\/{rel}","templated":true}]}}