{"id":85,"date":"2014-05-28T23:12:10","date_gmt":"2014-05-28T21:12:10","guid":{"rendered":"http:\/\/pwdevelopmen.nazwa.pl\/kochanowskiego\/?page_id=85"},"modified":"2014-10-08T13:29:16","modified_gmt":"2014-10-08T11:29:16","slug":"podatek-od-nieruchomosci","status":"publish","type":"page","link":"https:\/\/osiedlekochanowskiego.pl\/?page_id=85","title":{"rendered":"Podatek od nieruchomo\u015bci"},"content":{"rendered":"<p style=\"text-align: justify;\"><span style=\"color: #000000;\">\u00a0\u00a0\u00a0 Informujemy nowych w\u0142a\u015bcicieli lokali wyodr\u0119bnionych o konieczno\u015bci uiszczania indywidualnie op\u0142at \u2013 podatku od nieruchomo\u015bci na podstawie nabytego udzia\u0142u. Zgodnie z obowi\u0105zuj\u0105cym prawem, podatek ten nie jest odprowadzany przez Wsp\u00f3lnot\u0119.<\/span><\/p>\n<p style=\"text-align: justify;\"><span style=\"color: #000000;\">\u00a0\u00a0\u00a0\u00a0\u00a0 W celu dope\u0142nienia formalno\u015bci nale\u017cy uda\u0107 si\u0119 do Urz\u0119du Miejskiego w Sochaczewie przy ul. 1-go Maja 16\u00a0 wraz z Aktem Notarialnym i wype\u0142nion\u0105 deklaracj\u0105. Szerszych informacji dowiedz\u0105 si\u0119 Pa\u0144stwo w Wydziale Skarbnika Miasta.<\/span><\/p>\n","protected":false},"excerpt":{"rendered":"<p>\u00a0\u00a0\u00a0 Informujemy nowych w\u0142a\u015bcicieli lokali wyodr\u0119bnionych o konieczno\u015bci uiszczania indywidualnie op\u0142at \u2013 podatku od nieruchomo\u015bci na podstawie nabytego udzia\u0142u. Zgodnie z obowi\u0105zuj\u0105cym prawem, podatek ten nie jest odprowadzany przez Wsp\u00f3lnot\u0119. \u00a0\u00a0\u00a0\u00a0\u00a0 W celu dope\u0142nienia formalno\u015bci nale\u017cy uda\u0107 si\u0119 do Urz\u0119du &hellip; <a href=\"https:\/\/osiedlekochanowskiego.pl\/?page_id=85\">Czytaj dalej <span class=\"meta-nav\">&rarr;<\/span><\/a><\/p>\n","protected":false},"author":1,"featured_media":0,"parent":18,"menu_order":0,"comment_status":"closed","ping_status":"closed","template":"showcase.php","meta":{"footnotes":""},"class_list":["post-85","page","type-page","status-publish","hentry"],"_links":{"self":[{"href":"https:\/\/osiedlekochanowskiego.pl\/index.php?rest_route=\/wp\/v2\/pages\/85","targetHints":{"allow":["GET"]}}],"collection":[{"href":"https:\/\/osiedlekochanowskiego.pl\/index.php?rest_route=\/wp\/v2\/pages"}],"about":[{"href":"https:\/\/osiedlekochanowskiego.pl\/index.php?rest_route=\/wp\/v2\/types\/page"}],"author":[{"embeddable":true,"href":"https:\/\/osiedlekochanowskiego.pl\/index.php?rest_route=\/wp\/v2\/users\/1"}],"replies":[{"embeddable":true,"href":"https:\/\/osiedlekochanowskiego.pl\/index.php?rest_route=%2Fwp%2Fv2%2Fcomments&post=85"}],"version-history":[{"count":9,"href":"https:\/\/osiedlekochanowskiego.pl\/index.php?rest_route=\/wp\/v2\/pages\/85\/revisions"}],"predecessor-version":[{"id":700,"href":"https:\/\/osiedlekochanowskiego.pl\/index.php?rest_route=\/wp\/v2\/pages\/85\/revisions\/700"}],"up":[{"embeddable":true,"href":"https:\/\/osiedlekochanowskiego.pl\/index.php?rest_route=\/wp\/v2\/pages\/18"}],"wp:attachment":[{"href":"https:\/\/osiedlekochanowskiego.pl\/index.php?rest_route=%2Fwp%2Fv2%2Fmedia&parent=85"}],"curies":[{"name":"wp","href":"https:\/\/api.w.org\/{rel}","templated":true}]}}