{"id":851,"date":"2015-02-20T13:14:22","date_gmt":"2015-02-20T12:14:22","guid":{"rendered":"http:\/\/pwdevelopmen.nazwa.pl\/kochanowskiego\/?page_id=851"},"modified":"2015-02-20T16:01:30","modified_gmt":"2015-02-20T15:01:30","slug":"newsletter","status":"publish","type":"page","link":"https:\/\/osiedlekochanowskiego.pl\/?page_id=851","title":{"rendered":"Newsletter"},"content":{"rendered":"<p>Zach\u0119camy do zapisania si\u0119 do naszego newslettera. Dzi\u0119ki temu b\u0119dziecie Pa\u0144stwo powiadamiani o ka\u017cdej informacji pojawiaj\u0105cej si\u0119 w Aktualno\u015bciach.<\/p>\n<p><script>\/\/ <![CDATA[\nif (typeof newsletter_check !== \"function\") { window.newsletter_check = function (f) {     var re = \/^([a-zA-Z0-9_\\.\\-\\+])+\\@(([a-zA-Z0-9\\-]{1,})+\\.)+([a-zA-Z0-9]{2,})+$\/;     if (!re.test(f.elements[\"ne\"].value)) {         alert(\"To nie jest poprawny adres email\");         return false;     }     if (f.elements[\"ny\"] &#038;&#038; !f.elements[\"ny\"].checked) {         alert(\"You must accept the privacy statement\");         return false;     }     return true; } }\n\/\/ ]]><\/script><\/p>\n<div class=\"newsletter newsletter-subscription\">\n<form action=\"https:\/\/serwer2539007.home.pl\/osiedlekochanowskiego\/wp-content\/plugins\/newsletter\/do\/subscribe.php\" method=\"post\">\n<table border=\"0\" cellspacing=\"0\" cellpadding=\"3\"><!-- email --><\/p>\n<tbody>\n<tr>\n<td>Adres e-mail<\/td>\n<td align=\"left\"><input class=\"newsletter-email\" name=\"ne\" required=\"\" size=\"30\" type=\"email\" \/><\/td>\n<\/tr>\n<tr>\n<td class=\"newsletter-td-submit\" colspan=\"2\"><input class=\"newsletter-submit\" type=\"submit\" value=\"Zapisz si\u0119!\" \/><\/td>\n<\/tr>\n<\/tbody>\n<\/table>\n<\/form>\n<\/div>\n","protected":false},"excerpt":{"rendered":"<p>Zach\u0119camy do zapisania si\u0119 do naszego newslettera. Dzi\u0119ki temu b\u0119dziecie Pa\u0144stwo powiadamiani o ka\u017cdej informacji pojawiaj\u0105cej si\u0119 w Aktualno\u015bciach. Adres e-mail<\/p>\n","protected":false},"author":1,"featured_media":0,"parent":0,"menu_order":0,"comment_status":"closed","ping_status":"closed","template":"showcase.php","meta":{"footnotes":""},"class_list":["post-851","page","type-page","status-publish","hentry"],"_links":{"self":[{"href":"https:\/\/osiedlekochanowskiego.pl\/index.php?rest_route=\/wp\/v2\/pages\/851","targetHints":{"allow":["GET"]}}],"collection":[{"href":"https:\/\/osiedlekochanowskiego.pl\/index.php?rest_route=\/wp\/v2\/pages"}],"about":[{"href":"https:\/\/osiedlekochanowskiego.pl\/index.php?rest_route=\/wp\/v2\/types\/page"}],"author":[{"embeddable":true,"href":"https:\/\/osiedlekochanowskiego.pl\/index.php?rest_route=\/wp\/v2\/users\/1"}],"replies":[{"embeddable":true,"href":"https:\/\/osiedlekochanowskiego.pl\/index.php?rest_route=%2Fwp%2Fv2%2Fcomments&post=851"}],"version-history":[{"count":16,"href":"https:\/\/osiedlekochanowskiego.pl\/index.php?rest_route=\/wp\/v2\/pages\/851\/revisions"}],"predecessor-version":[{"id":871,"href":"https:\/\/osiedlekochanowskiego.pl\/index.php?rest_route=\/wp\/v2\/pages\/851\/revisions\/871"}],"wp:attachment":[{"href":"https:\/\/osiedlekochanowskiego.pl\/index.php?rest_route=%2Fwp%2Fv2%2Fmedia&parent=851"}],"curies":[{"name":"wp","href":"https:\/\/api.w.org\/{rel}","templated":true}]}}